{"id":514,"date":"2020-05-11T02:38:05","date_gmt":"2020-05-11T02:38:05","guid":{"rendered":"https:\/\/demo2wpopal.b-cdn.net\/bridey\/?page_id=514"},"modified":"2025-06-06T13:26:47","modified_gmt":"2025-06-06T13:26:47","slug":"about-us","status":"publish","type":"page","link":"https:\/\/szerenadszalon.hu\/?page_id=514","title":{"rendered":"R\u00f3lunk"},"content":{"rendered":"\t\t<div data-elementor-type=\"wp-page\" data-elementor-id=\"514\" class=\"elementor elementor-514\">\n\t\t\t\t\t\t<section class=\"elementor-section elementor-top-section elementor-element elementor-element-d335db4 elementor-section-boxed elementor-section-height-default elementor-section-height-default\" data-id=\"d335db4\" data-element_type=\"section\">\n\t\t\t\t\t\t<div class=\"elementor-container elementor-column-gap-default\">\n\t\t\t\t\t<div class=\"elementor-column elementor-col-100 elementor-top-column elementor-element elementor-element-33ce112\" data-id=\"33ce112\" data-element_type=\"column\">\n\t\t\t<div class=\"elementor-widget-wrap\">\n\t\t\t\t\t\t\t<\/div>\n\t\t<\/div>\n\t\t\t\t\t<\/div>\n\t\t<\/section>\n\t\t\t\t<section class=\"elementor-section elementor-top-section elementor-element elementor-element-1bbc0df elementor-section-stretched elementor-reverse-mobile elementor-section-boxed elementor-section-height-default elementor-section-height-default\" data-id=\"1bbc0df\" data-element_type=\"section\" data-settings=\"{&quot;stretch_section&quot;:&quot;section-stretched&quot;}\">\n\t\t\t\t\t\t<div class=\"elementor-container elementor-column-gap-no\">\n\t\t\t\t\t<div class=\"elementor-column elementor-col-50 elementor-top-column elementor-element elementor-element-a769375\" data-id=\"a769375\" data-element_type=\"column\">\n\t\t\t<div class=\"elementor-widget-wrap elementor-element-populated\">\n\t\t\t\t\t\t<div class=\"elementor-element elementor-element-4ebd732 elementor-widget elementor-widget-image\" data-id=\"4ebd732\" data-element_type=\"widget\" data-widget_type=\"image.default\">\n\t\t\t\t<div class=\"elementor-widget-container\">\n\t\t\t\t\t\t\t\t\t\t\t\t\t\t\t<img fetchpriority=\"high\" decoding=\"async\" width=\"550\" height=\"760\" src=\"https:\/\/szerenadszalon.hu\/wp-content\/uploads\/2020\/05\/about.jpg\" class=\"attachment-full size-full wp-image-529\" alt=\"\" srcset=\"https:\/\/szerenadszalon.hu\/wp-content\/uploads\/2020\/05\/about.jpg 550w, https:\/\/szerenadszalon.hu\/wp-content\/uploads\/2020\/05\/about-217x300.jpg 217w\" sizes=\"(max-width: 550px) 100vw, 550px\" \/>\t\t\t\t\t\t\t\t\t\t\t\t\t\t\t<\/div>\n\t\t\t\t<\/div>\n\t\t\t\t\t<\/div>\n\t\t<\/div>\n\t\t\t\t<div class=\"elementor-column elementor-col-50 elementor-top-column elementor-element elementor-element-7dd0098\" data-id=\"7dd0098\" data-element_type=\"column\">\n\t\t\t<div class=\"elementor-widget-wrap elementor-element-populated\">\n\t\t\t\t\t\t<div class=\"elementor-element elementor-element-94cb4f0 elementor-widget elementor-widget-text-editor\" data-id=\"94cb4f0\" data-element_type=\"widget\" data-widget_type=\"text-editor.default\">\n\t\t\t\t<div class=\"elementor-widget-container\">\n\t\t\t\t\t\t\t\t\t<p>R\u00f3lunk<\/p>\t\t\t\t\t\t\t\t<\/div>\n\t\t\t\t<\/div>\n\t\t\t\t<div class=\"elementor-element elementor-element-19083cd elementor-widget elementor-widget-heading\" data-id=\"19083cd\" data-element_type=\"widget\" data-widget_type=\"heading.default\">\n\t\t\t\t<div class=\"elementor-widget-container\">\n\t\t\t\t\t<h2 class=\"elementor-heading-title elementor-size-default\">Szeren\u00e1d Esk\u00fcv\u0151i Szalon<\/h2>\t\t\t\t<\/div>\n\t\t\t\t<\/div>\n\t\t\t\t<div class=\"elementor-element elementor-element-f4516d7 elementor-widget elementor-widget-image\" data-id=\"f4516d7\" data-element_type=\"widget\" data-widget_type=\"image.default\">\n\t\t\t\t<div class=\"elementor-widget-container\">\n\t\t\t\t\t\t\t\t\t\t\t\t\t\t\t<img decoding=\"async\" width=\"101\" height=\"29\" src=\"https:\/\/szerenadszalon.hu\/wp-content\/uploads\/2020\/05\/decor.png\" class=\"attachment-full size-full wp-image-270\" alt=\"\" \/>\t\t\t\t\t\t\t\t\t\t\t\t\t\t\t<\/div>\n\t\t\t\t<\/div>\n\t\t\t\t<div class=\"elementor-element elementor-element-e5d4aed elementor-widget elementor-widget-text-editor\" data-id=\"e5d4aed\" data-element_type=\"widget\" data-widget_type=\"text-editor.default\">\n\t\t\t\t<div class=\"elementor-widget-container\">\n\t\t\t\t\t\t\t\t\t<div><div>Dr\u00e1ga menyasszonyok!<\/div><div>\u00dcdv\u00f6z\u00f6llek titeket a Szeren\u00e1d Esk\u00fcv\u0151i Szalon hivatalos oldal\u00e1n.<\/div><div>\u00a0<\/div><div>Mit is kell tudni r\u00f3lunk?<br \/>Teljesen \u00faj Szalon Szombathelyen k\u00e9t olyan m\u00e1rk\u00e1val amit kor\u00e1bban nem lehetett megtal\u00e1lni Magyarorsz\u00e1gon. A Lady Di Bridal a leny\u0171g\u00f6z\u0151 boh\u00e9m form\u00e1k tal\u00e1lkoz\u00e1sa a v\u00e9gtelen eleganci\u00e1val, biztosra veszem hogy nagyon sokan fogtok szerelembe esni var\u00e1zslatos ruh\u00e1ikkal. Az Alesso pedig a letisztult kifinomults\u00e1g, a gy\u00f6ny\u00f6r\u0171 \u00e9s k\u00fcl\u00f6nleges form\u00e1k vil\u00e1g\u00e1t t\u00fckr\u00f6zi vissza kollekci\u00f3ival. Mind a k\u00e9t m\u00e1rka t\u00f6bb mint t\u00edz \u00e9ve k\u00e9sz\u00edti ruh\u00e1it hatalmas sikerrel \u00e9s engem boldogg\u00e1 tesz hogy v\u00e9gre a magyar menyasszonyok is megismerhetik \u0151ket a Szeren\u00e1d Esk\u00fcv\u0151i Szalonon kereszt\u00fcl.<\/div><div>\u00a0<\/div><div>Itt j\u00f3 kezekben lesztek hiszen t\u00f6bb \u00e9ves szakmai tapasztalattal rendelkezve nyitom meg el\u0151ttetek \u00fczletemet, seg\u00edtve titeket az esk\u00fcv\u0151h\u00f6z vezet\u0151 l\u00e9p\u00e9sekben. Itt mindig szeretet \u00e9s kedvess\u00e9g v\u00e1r majd r\u00e1tok.<\/div><div>\u00a0<\/div><div>Rem\u00e9lem hamarosan sokatokkal tal\u00e1lkozhatom majd.<\/div><\/div>\t\t\t\t\t\t\t\t<\/div>\n\t\t\t\t<\/div>\n\t\t\t\t\t<\/div>\n\t\t<\/div>\n\t\t\t\t\t<\/div>\n\t\t<\/section>\n\t\t\t\t<section class=\"elementor-section elementor-top-section elementor-element elementor-element-0acd761 elementor-section-boxed elementor-section-height-default elementor-section-height-default\" data-id=\"0acd761\" data-element_type=\"section\">\n\t\t\t\t\t\t<div class=\"elementor-container elementor-column-gap-default\">\n\t\t\t\t\t<div class=\"elementor-column elementor-col-50 elementor-top-column elementor-element elementor-element-81b0723\" data-id=\"81b0723\" data-element_type=\"column\">\n\t\t\t<div class=\"elementor-widget-wrap elementor-element-populated\">\n\t\t\t\t\t\t<div class=\"elementor-element elementor-element-4cae058 elementor-widget elementor-widget-text-editor\" data-id=\"4cae058\" data-element_type=\"widget\" data-widget_type=\"text-editor.default\">\n\t\t\t\t<div class=\"elementor-widget-container\">\n\t\t\t\t\t\t\t\t\t<p><strong>Kedves Menyasszonyok!<\/strong><\/p><p>Szeretn\u00e9k bemutatkozni nektek, hiszen velem fogtok tal\u00e1lkozni amikor ruhapr\u00f3b\u00e1ra \u00e9rkeztek a Szeren\u00e1d esk\u00fcv\u0151i szalonba.<\/p><p style=\"margin-top: 6px; margin-bottom: 6px; font-family: system-ui, -apple-system, 'system-ui', '.SFNSText-Regular', sans-serif; color: #1d2129;\">Mindig is im\u00e1dtam k\u00fcl\u00f6nf\u00e9le textilekkel dolgozni, de az esk\u00fcv\u0151i, alkalmi finom anyagok, a csipke, a l\u00e1gy es\u00e9s\u0171 t\u00fcll, a nemes organza k\u00fcl\u00f6n\u00f6sen elvar\u00e1zsoltak.\u00a0<span style=\"margin: 0px 1px; font-family: inherit;\"><span style=\"background-repeat: no-repeat; background-size: contain; color: transparent; display: inline-block; text-shadow: none; vertical-align: text-bottom; font-family: inherit; height: 16px; width: 16px; font-size: 16px; background-image: url('https:\/\/static.xx.fbcdn.net\/images\/emoji.php\/v9\/t6c\/1\/16\/2764.png');\"><img decoding=\"async\" role=\"img\" draggable=\"false\" src=\"https:\/\/s.w.org\/images\/core\/emoji\/14.0.0\/svg\/2764.svg\" alt=\"\u2764\ufe0f\" \/><\/span><\/span> Na, meg a gy\u00f6ngy\u00f6k, krist\u00e1lyok \u00e9s minden ami csillog.<\/p><p style=\"margin-top: 6px; margin-bottom: 6px; font-family: system-ui, -apple-system, 'system-ui', '.SFNSText-Regular', sans-serif; color: #1d2129;\">20 \u00e9ve foglalkozom varr\u00e1ssal, ebb\u0151l h\u00e9t \u00e9vet t\u00f6lt\u00f6ttem esk\u00fcv\u0151i szalonban. El\u0151sz\u00f6r varr\u00f3n\u0151k\u00e9nt, az ut\u00f3bbi \u00f6t \u00e9vben pedig szalonvezet\u0151k\u00e9nt dolgoztam. H\u00e1l\u00e1s vagyok kor\u00e1bbi koll\u00e9gan\u0151imnek is, hiszen t\u0151l\u00fck is nagyon sokat tanultam.<\/p><p style=\"margin-top: 6px; margin-bottom: 6px; font-family: system-ui, -apple-system, 'system-ui', '.SFNSText-Regular', sans-serif; color: #1d2129;\">20 \u00e9ve \u00e1lmodoztam arr\u00f3l, hogy egyszer saj\u00e1t esk\u00fcv\u0151i szalont nyitok. Boldog vagyok, hogy ez az \u00e1lmom most val\u00f3s\u00e1gg\u00e1 v\u00e1lik.\u00a0<span style=\"margin: 0px 1px; font-family: inherit;\"><span style=\"background-repeat: no-repeat; background-size: contain; color: transparent; display: inline-block; text-shadow: none; vertical-align: text-bottom; font-family: inherit; height: 16px; width: 16px; font-size: 16px; background-image: url('https:\/\/static.xx.fbcdn.net\/images\/emoji.php\/v9\/t6c\/1\/16\/2764.png');\"><img decoding=\"async\" role=\"img\" draggable=\"false\" src=\"https:\/\/s.w.org\/images\/core\/emoji\/14.0.0\/svg\/2764.svg\" alt=\"\u2764\ufe0f\" \/><\/span><\/span><\/p><p style=\"margin-top: 6px; display: inline; font-family: system-ui, -apple-system, 'system-ui', '.SFNSText-Regular', sans-serif; color: #1d2129;\">Tiszt\u00e1ban vagyok vele, hogy egy esk\u00fcv\u0151 megszervez\u00e9se nagyon sok stresszel j\u00e1r. \u00c9ppen ez\u00e9rt rendk\u00edv\u00fcl fontosnak tartom, hogy \u00e1lmaitok ruh\u00e1j\u00e1t oldott l\u00e9gk\u00f6rben, kellemes k\u00f6rnyezetben v\u00e1laszthass\u00e1tok ki. Hogy a menyasszonyi ruhapr\u00f3ba stresszmentes legyen \u00e9s boldog \u00e9lm\u00e9nyk\u00e9nt eml\u00e9kezzetek vissza r\u00e1.<br \/>Ebben szeretn\u00e9k seg\u00edteni nektek az Alesso \u00e9s Lady Di Bride csod\u00e1latos ruh\u00e1ival, szakmai felk\u00e9sz\u00fclts\u00e9gemmel, tapasztalatommal, \u00e9s a 4 gyermekem \u00e1ltal kipr\u00f3b\u00e1lt\/megedzett (szinte) v\u00e9gtelen t\u00fcrelmemmel.<br \/>Szeretettel v\u00e1rlak Benneteket!<span style=\"margin: 0px 1px; font-family: inherit;\"><span style=\"background-repeat: no-repeat; background-size: contain; color: transparent; display: inline-block; text-shadow: none; vertical-align: text-bottom; font-family: inherit; height: 16px; width: 16px; font-size: 16px; background-image: url('https:\/\/static.xx.fbcdn.net\/images\/emoji.php\/v9\/tac\/1\/16\/2665.png');\">\u2665\ufe0f<\/span><\/span><span style=\"margin: 0px 1px; font-family: inherit;\"><span style=\"background-repeat: no-repeat; background-size: contain; color: transparent; display: inline-block; text-shadow: none; vertical-align: text-bottom; font-family: inherit; height: 16px; width: 16px; font-size: 16px; background-image: url('https:\/\/static.xx.fbcdn.net\/images\/emoji.php\/v9\/tac\/1\/16\/2665.png');\">\u2665\ufe0f<\/span><\/span><br \/><strong>Marcsi<\/strong>\u00a0<span style=\"margin: 0px 1px; font-family: inherit;\"><span style=\"background-repeat: no-repeat; background-size: contain; color: transparent; display: inline-block; text-shadow: none; vertical-align: text-bottom; font-family: inherit; height: 16px; width: 16px; font-size: 16px; background-image: url('https:\/\/static.xx.fbcdn.net\/images\/emoji.php\/v9\/t8c\/1\/16\/1f389.png');\"><img decoding=\"async\" role=\"img\" draggable=\"false\" src=\"https:\/\/s.w.org\/images\/core\/emoji\/14.0.0\/svg\/1f389.svg\" alt=\"\ud83c\udf89\" \/><\/span><\/span><\/p><p style=\"margin-bottom: 6px; font-family: system-ui, -apple-system, 'system-ui', '.SFNSText-Regular', sans-serif; color: #1d2129;\"><strong>\u00a0<\/strong><\/p>\t\t\t\t\t\t\t\t<\/div>\n\t\t\t\t<\/div>\n\t\t\t\t\t<\/div>\n\t\t<\/div>\n\t\t\t\t<div class=\"elementor-column elementor-col-50 elementor-top-column elementor-element elementor-element-630daf9\" data-id=\"630daf9\" data-element_type=\"column\">\n\t\t\t<div class=\"elementor-widget-wrap elementor-element-populated\">\n\t\t\t\t\t\t<div class=\"elementor-element elementor-element-541f4e7 elementor-widget__width-initial elementor-widget elementor-widget-image\" data-id=\"541f4e7\" data-element_type=\"widget\" data-widget_type=\"image.default\">\n\t\t\t\t<div class=\"elementor-widget-container\">\n\t\t\t\t\t\t\t\t\t\t\t\t\t\t\t<img decoding=\"async\" width=\"960\" height=\"960\" src=\"https:\/\/szerenadszalon.hu\/wp-content\/uploads\/2022\/12\/Marcsi.jpg\" class=\"attachment-full size-full wp-image-4133\" alt=\"\" srcset=\"https:\/\/szerenadszalon.hu\/wp-content\/uploads\/2022\/12\/Marcsi.jpg 960w, https:\/\/szerenadszalon.hu\/wp-content\/uploads\/2022\/12\/Marcsi-300x300.jpg 300w, https:\/\/szerenadszalon.hu\/wp-content\/uploads\/2022\/12\/Marcsi-150x150.jpg 150w, https:\/\/szerenadszalon.hu\/wp-content\/uploads\/2022\/12\/Marcsi-768x768.jpg 768w, https:\/\/szerenadszalon.hu\/wp-content\/uploads\/2022\/12\/Marcsi-100x100.jpg 100w, https:\/\/szerenadszalon.hu\/wp-content\/uploads\/2022\/12\/Marcsi-400x400.jpg 400w, https:\/\/szerenadszalon.hu\/wp-content\/uploads\/2022\/12\/Marcsi-450x450.jpg 450w, https:\/\/szerenadszalon.hu\/wp-content\/uploads\/2022\/12\/Marcsi-800x800.jpg 800w, https:\/\/szerenadszalon.hu\/wp-content\/uploads\/2022\/12\/Marcsi-50x50.jpg 50w\" sizes=\"(max-width: 960px) 100vw, 960px\" \/>\t\t\t\t\t\t\t\t\t\t\t\t\t\t\t<\/div>\n\t\t\t\t<\/div>\n\t\t\t\t\t<\/div>\n\t\t<\/div>\n\t\t\t\t\t<\/div>\n\t\t<\/section>\n\t\t\t\t<\/div>\n\t\t","protected":false},"excerpt":{"rendered":"<p>R\u00f3lunk Szeren\u00e1d Esk\u00fcv\u0151i Szalon Dr\u00e1ga menyasszonyok!\u00dcdv\u00f6z\u00f6llek titeket a Szeren\u00e1d Esk\u00fcv\u0151i Szalon hivatalos oldal\u00e1n.\u00a0Mit is kell tudni r\u00f3lunk?Teljesen \u00faj Szalon Szombathelyen&hellip; <\/p>\n","protected":false},"author":1,"featured_media":0,"parent":0,"menu_order":0,"comment_status":"closed","ping_status":"closed","template":"elementor_header_footer","meta":{"inline_featured_image":false,"ngg_post_thumbnail":0,"footnotes":""},"folder":[],"class_list":["post-514","page","type-page","status-publish","hentry"],"yoast_head":"<!-- This site is optimized with the Yoast SEO plugin v24.7 - https:\/\/yoast.com\/wordpress\/plugins\/seo\/ -->\n<title>R\u00f3lunk - Szeren\u00e1dszalon<\/title>\n<meta name=\"robots\" content=\"index, follow, max-snippet:-1, max-image-preview:large, max-video-preview:-1\" \/>\n<link rel=\"canonical\" href=\"https:\/\/szerenadszalon.hu\/?page_id=514\" \/>\n<meta property=\"og:locale\" content=\"hu_HU\" \/>\n<meta property=\"og:type\" content=\"article\" \/>\n<meta property=\"og:title\" content=\"R\u00f3lunk - Szeren\u00e1dszalon\" \/>\n<meta property=\"og:description\" content=\"R\u00f3lunk Szeren\u00e1d Esk\u00fcv\u0151i Szalon Dr\u00e1ga menyasszonyok!\u00dcdv\u00f6z\u00f6llek titeket a Szeren\u00e1d Esk\u00fcv\u0151i Szalon hivatalos oldal\u00e1n.\u00a0Mit is kell tudni r\u00f3lunk?Teljesen \u00faj Szalon Szombathelyen&hellip;\" \/>\n<meta property=\"og:url\" content=\"https:\/\/szerenadszalon.hu\/?page_id=514\" \/>\n<meta property=\"og:site_name\" content=\"Szeren\u00e1dszalon\" \/>\n<meta property=\"article:publisher\" content=\"https:\/\/www.facebook.com\/szerenadszalon\" \/>\n<meta property=\"article:modified_time\" content=\"2025-06-06T13:26:47+00:00\" \/>\n<meta property=\"og:image\" content=\"https:\/\/szerenadszalon.hu\/wp-content\/uploads\/2020\/05\/about.jpg\" \/>\n\t<meta property=\"og:image:width\" content=\"550\" \/>\n\t<meta property=\"og:image:height\" content=\"760\" \/>\n\t<meta property=\"og:image:type\" content=\"image\/jpeg\" \/>\n<meta name=\"twitter:card\" content=\"summary_large_image\" \/>\n<meta name=\"twitter:label1\" content=\"Becs\u00fclt olvas\u00e1si id\u0151\" \/>\n\t<meta name=\"twitter:data1\" content=\"3 perc\" \/>\n<script type=\"application\/ld+json\" class=\"yoast-schema-graph\">{\"@context\":\"https:\/\/schema.org\",\"@graph\":[{\"@type\":\"WebPage\",\"@id\":\"https:\/\/szerenadszalon.hu\/?page_id=514\",\"url\":\"https:\/\/szerenadszalon.hu\/?page_id=514\",\"name\":\"R\u00f3lunk - Szeren\u00e1dszalon\",\"isPartOf\":{\"@id\":\"https:\/\/szerenadszalon.hu\/#website\"},\"primaryImageOfPage\":{\"@id\":\"https:\/\/szerenadszalon.hu\/?page_id=514#primaryimage\"},\"image\":{\"@id\":\"https:\/\/szerenadszalon.hu\/?page_id=514#primaryimage\"},\"thumbnailUrl\":\"https:\/\/szerenadszalon.hu\/wp-content\/uploads\/2020\/05\/about.jpg\",\"datePublished\":\"2020-05-11T02:38:05+00:00\",\"dateModified\":\"2025-06-06T13:26:47+00:00\",\"breadcrumb\":{\"@id\":\"https:\/\/szerenadszalon.hu\/?page_id=514#breadcrumb\"},\"inLanguage\":\"hu\",\"potentialAction\":[{\"@type\":\"ReadAction\",\"target\":[\"https:\/\/szerenadszalon.hu\/?page_id=514\"]}]},{\"@type\":\"ImageObject\",\"inLanguage\":\"hu\",\"@id\":\"https:\/\/szerenadszalon.hu\/?page_id=514#primaryimage\",\"url\":\"https:\/\/szerenadszalon.hu\/wp-content\/uploads\/2020\/05\/about.jpg\",\"contentUrl\":\"https:\/\/szerenadszalon.hu\/wp-content\/uploads\/2020\/05\/about.jpg\",\"width\":550,\"height\":760},{\"@type\":\"BreadcrumbList\",\"@id\":\"https:\/\/szerenadszalon.hu\/?page_id=514#breadcrumb\",\"itemListElement\":[{\"@type\":\"ListItem\",\"position\":1,\"name\":\"Home\",\"item\":\"https:\/\/szerenadszalon.hu\/\"},{\"@type\":\"ListItem\",\"position\":2,\"name\":\"R\u00f3lunk\"}]},{\"@type\":\"WebSite\",\"@id\":\"https:\/\/szerenadszalon.hu\/#website\",\"url\":\"https:\/\/szerenadszalon.hu\/\",\"name\":\"Szeren\u00e1dszalon\",\"description\":\"Esk\u00fcv\u0151i ruhaszalon\",\"publisher\":{\"@id\":\"https:\/\/szerenadszalon.hu\/#organization\"},\"alternateName\":\"Szeren\u00e1d Esk\u00fcv\u0151i Szalon\",\"potentialAction\":[{\"@type\":\"SearchAction\",\"target\":{\"@type\":\"EntryPoint\",\"urlTemplate\":\"https:\/\/szerenadszalon.hu\/?s={search_term_string}\"},\"query-input\":{\"@type\":\"PropertyValueSpecification\",\"valueRequired\":true,\"valueName\":\"search_term_string\"}}],\"inLanguage\":\"hu\"},{\"@type\":\"Organization\",\"@id\":\"https:\/\/szerenadszalon.hu\/#organization\",\"name\":\"Szeren\u00e1dszalon\",\"alternateName\":\"Szeren\u00e1d Esk\u00fcv\u0151i Ruha Szalon\",\"url\":\"https:\/\/szerenadszalon.hu\/\",\"logo\":{\"@type\":\"ImageObject\",\"inLanguage\":\"hu\",\"@id\":\"https:\/\/szerenadszalon.hu\/#\/schema\/logo\/image\/\",\"url\":\"https:\/\/szerenadszalon.hu\/wp-content\/uploads\/2016\/05\/logo-1.png\",\"contentUrl\":\"https:\/\/szerenadszalon.hu\/wp-content\/uploads\/2016\/05\/logo-1.png\",\"width\":80,\"height\":80,\"caption\":\"Szeren\u00e1dszalon\"},\"image\":{\"@id\":\"https:\/\/szerenadszalon.hu\/#\/schema\/logo\/image\/\"},\"sameAs\":[\"https:\/\/www.facebook.com\/szerenadszalon\"]}]}<\/script>\n<!-- \/ Yoast SEO plugin. -->","yoast_head_json":{"title":"R\u00f3lunk - Szeren\u00e1dszalon","robots":{"index":"index","follow":"follow","max-snippet":"max-snippet:-1","max-image-preview":"max-image-preview:large","max-video-preview":"max-video-preview:-1"},"canonical":"https:\/\/szerenadszalon.hu\/?page_id=514","og_locale":"hu_HU","og_type":"article","og_title":"R\u00f3lunk - Szeren\u00e1dszalon","og_description":"R\u00f3lunk Szeren\u00e1d Esk\u00fcv\u0151i Szalon Dr\u00e1ga menyasszonyok!\u00dcdv\u00f6z\u00f6llek titeket a Szeren\u00e1d Esk\u00fcv\u0151i Szalon hivatalos oldal\u00e1n.\u00a0Mit is kell tudni r\u00f3lunk?Teljesen \u00faj Szalon Szombathelyen&hellip;","og_url":"https:\/\/szerenadszalon.hu\/?page_id=514","og_site_name":"Szeren\u00e1dszalon","article_publisher":"https:\/\/www.facebook.com\/szerenadszalon","article_modified_time":"2025-06-06T13:26:47+00:00","og_image":[{"width":550,"height":760,"url":"https:\/\/szerenadszalon.hu\/wp-content\/uploads\/2020\/05\/about.jpg","type":"image\/jpeg"}],"twitter_card":"summary_large_image","twitter_misc":{"Becs\u00fclt olvas\u00e1si id\u0151":"3 perc"},"schema":{"@context":"https:\/\/schema.org","@graph":[{"@type":"WebPage","@id":"https:\/\/szerenadszalon.hu\/?page_id=514","url":"https:\/\/szerenadszalon.hu\/?page_id=514","name":"R\u00f3lunk - Szeren\u00e1dszalon","isPartOf":{"@id":"https:\/\/szerenadszalon.hu\/#website"},"primaryImageOfPage":{"@id":"https:\/\/szerenadszalon.hu\/?page_id=514#primaryimage"},"image":{"@id":"https:\/\/szerenadszalon.hu\/?page_id=514#primaryimage"},"thumbnailUrl":"https:\/\/szerenadszalon.hu\/wp-content\/uploads\/2020\/05\/about.jpg","datePublished":"2020-05-11T02:38:05+00:00","dateModified":"2025-06-06T13:26:47+00:00","breadcrumb":{"@id":"https:\/\/szerenadszalon.hu\/?page_id=514#breadcrumb"},"inLanguage":"hu","potentialAction":[{"@type":"ReadAction","target":["https:\/\/szerenadszalon.hu\/?page_id=514"]}]},{"@type":"ImageObject","inLanguage":"hu","@id":"https:\/\/szerenadszalon.hu\/?page_id=514#primaryimage","url":"https:\/\/szerenadszalon.hu\/wp-content\/uploads\/2020\/05\/about.jpg","contentUrl":"https:\/\/szerenadszalon.hu\/wp-content\/uploads\/2020\/05\/about.jpg","width":550,"height":760},{"@type":"BreadcrumbList","@id":"https:\/\/szerenadszalon.hu\/?page_id=514#breadcrumb","itemListElement":[{"@type":"ListItem","position":1,"name":"Home","item":"https:\/\/szerenadszalon.hu\/"},{"@type":"ListItem","position":2,"name":"R\u00f3lunk"}]},{"@type":"WebSite","@id":"https:\/\/szerenadszalon.hu\/#website","url":"https:\/\/szerenadszalon.hu\/","name":"Szeren\u00e1dszalon","description":"Esk\u00fcv\u0151i ruhaszalon","publisher":{"@id":"https:\/\/szerenadszalon.hu\/#organization"},"alternateName":"Szeren\u00e1d Esk\u00fcv\u0151i Szalon","potentialAction":[{"@type":"SearchAction","target":{"@type":"EntryPoint","urlTemplate":"https:\/\/szerenadszalon.hu\/?s={search_term_string}"},"query-input":{"@type":"PropertyValueSpecification","valueRequired":true,"valueName":"search_term_string"}}],"inLanguage":"hu"},{"@type":"Organization","@id":"https:\/\/szerenadszalon.hu\/#organization","name":"Szeren\u00e1dszalon","alternateName":"Szeren\u00e1d Esk\u00fcv\u0151i Ruha Szalon","url":"https:\/\/szerenadszalon.hu\/","logo":{"@type":"ImageObject","inLanguage":"hu","@id":"https:\/\/szerenadszalon.hu\/#\/schema\/logo\/image\/","url":"https:\/\/szerenadszalon.hu\/wp-content\/uploads\/2016\/05\/logo-1.png","contentUrl":"https:\/\/szerenadszalon.hu\/wp-content\/uploads\/2016\/05\/logo-1.png","width":80,"height":80,"caption":"Szeren\u00e1dszalon"},"image":{"@id":"https:\/\/szerenadszalon.hu\/#\/schema\/logo\/image\/"},"sameAs":["https:\/\/www.facebook.com\/szerenadszalon"]}]}},"_links":{"self":[{"href":"https:\/\/szerenadszalon.hu\/index.php?rest_route=\/wp\/v2\/pages\/514","targetHints":{"allow":["GET"]}}],"collection":[{"href":"https:\/\/szerenadszalon.hu\/index.php?rest_route=\/wp\/v2\/pages"}],"about":[{"href":"https:\/\/szerenadszalon.hu\/index.php?rest_route=\/wp\/v2\/types\/page"}],"author":[{"embeddable":true,"href":"https:\/\/szerenadszalon.hu\/index.php?rest_route=\/wp\/v2\/users\/1"}],"replies":[{"embeddable":true,"href":"https:\/\/szerenadszalon.hu\/index.php?rest_route=%2Fwp%2Fv2%2Fcomments&post=514"}],"version-history":[{"count":23,"href":"https:\/\/szerenadszalon.hu\/index.php?rest_route=\/wp\/v2\/pages\/514\/revisions"}],"predecessor-version":[{"id":4673,"href":"https:\/\/szerenadszalon.hu\/index.php?rest_route=\/wp\/v2\/pages\/514\/revisions\/4673"}],"wp:attachment":[{"href":"https:\/\/szerenadszalon.hu\/index.php?rest_route=%2Fwp%2Fv2%2Fmedia&parent=514"}],"wp:term":[{"taxonomy":"folder","embeddable":true,"href":"https:\/\/szerenadszalon.hu\/index.php?rest_route=%2Fwp%2Fv2%2Ffolder&post=514"}],"curies":[{"name":"wp","href":"https:\/\/api.w.org\/{rel}","templated":true}]}}