{"id":1016,"date":"2020-05-13T09:44:05","date_gmt":"2020-05-13T09:44:05","guid":{"rendered":"https:\/\/demo2wpopal.b-cdn.net\/bridey\/?page_id=1016"},"modified":"2025-03-20T15:30:21","modified_gmt":"2025-03-20T15:30:21","slug":"contact-us","status":"publish","type":"page","link":"https:\/\/szerenadszalon.hu\/?page_id=1016","title":{"rendered":"Kapcsolat"},"content":{"rendered":"\t\t<div data-elementor-type=\"wp-page\" data-elementor-id=\"1016\" class=\"elementor elementor-1016\">\n\t\t\t\t\t\t<section class=\"elementor-section elementor-top-section elementor-element elementor-element-e43a2dd elementor-section-boxed elementor-section-height-default elementor-section-height-default\" data-id=\"e43a2dd\" data-element_type=\"section\">\n\t\t\t\t\t\t<div class=\"elementor-container elementor-column-gap-default\">\n\t\t\t\t\t<div class=\"elementor-column elementor-col-100 elementor-top-column elementor-element elementor-element-8ebd120\" data-id=\"8ebd120\" data-element_type=\"column\">\n\t\t\t<div class=\"elementor-widget-wrap\">\n\t\t\t\t\t\t\t<\/div>\n\t\t<\/div>\n\t\t\t\t\t<\/div>\n\t\t<\/section>\n\t\t\t\t<section class=\"elementor-section elementor-top-section elementor-element elementor-element-8342c11 elementor-section-stretched elementor-section-boxed elementor-section-height-default elementor-section-height-default\" data-id=\"8342c11\" data-element_type=\"section\" data-settings=\"{&quot;stretch_section&quot;:&quot;section-stretched&quot;}\">\n\t\t\t\t\t\t<div class=\"elementor-container elementor-column-gap-no\">\n\t\t\t\t\t<div class=\"elementor-column elementor-col-100 elementor-top-column elementor-element elementor-element-1c94ba4\" data-id=\"1c94ba4\" data-element_type=\"column\">\n\t\t\t<div class=\"elementor-widget-wrap elementor-element-populated\">\n\t\t\t\t\t\t<section class=\"elementor-section elementor-inner-section elementor-element elementor-element-5efdbf8 elementor-section-boxed elementor-section-height-default elementor-section-height-default\" data-id=\"5efdbf8\" data-element_type=\"section\">\n\t\t\t\t\t\t<div class=\"elementor-container elementor-column-gap-no\">\n\t\t\t\t\t<div class=\"elementor-column elementor-col-50 elementor-inner-column elementor-element elementor-element-a274a9c\" data-id=\"a274a9c\" data-element_type=\"column\">\n\t\t\t<div class=\"elementor-widget-wrap elementor-element-populated\">\n\t\t\t\t\t\t<div class=\"elementor-element elementor-element-c8354c3 elementor-widget elementor-widget-heading\" data-id=\"c8354c3\" data-element_type=\"widget\" data-widget_type=\"heading.default\">\n\t\t\t\t<div class=\"elementor-widget-container\">\n\t\t\t\t\t<h2 class=\"elementor-heading-title elementor-size-default\">C\u00edm<\/h2>\t\t\t\t<\/div>\n\t\t\t\t<\/div>\n\t\t\t\t<div class=\"elementor-element elementor-element-83dfa52 elementor-widget elementor-widget-text-editor\" data-id=\"83dfa52\" data-element_type=\"widget\" data-widget_type=\"text-editor.default\">\n\t\t\t\t<div class=\"elementor-widget-container\">\n\t\t\t\t\t\t\t\t\t<p>Szombathely, M\u00e1rt\u00edrok tere 5\/B<\/p><p>(UR\u00c1NIA UDVAR)<\/p>\t\t\t\t\t\t\t\t<\/div>\n\t\t\t\t<\/div>\n\t\t\t\t<div class=\"elementor-element elementor-element-e66ba4e elementor-widget elementor-widget-heading\" data-id=\"e66ba4e\" data-element_type=\"widget\" data-widget_type=\"heading.default\">\n\t\t\t\t<div class=\"elementor-widget-container\">\n\t\t\t\t\t<h2 class=\"elementor-heading-title elementor-size-default\">Nyitvatart\u00e1s<\/h2>\t\t\t\t<\/div>\n\t\t\t\t<\/div>\n\t\t\t\t<div class=\"elementor-element elementor-element-4a9a369 elementor-widget elementor-widget-text-editor\" data-id=\"4a9a369\" data-element_type=\"widget\" data-widget_type=\"text-editor.default\">\n\t\t\t\t<div class=\"elementor-widget-container\">\n\t\t\t\t\t\t\t\t\t<p><span style=\"color: #050505; font-family: system-ui, -apple-system, 'system-ui', '.SFNSText-Regular', sans-serif; font-size: 15px; text-align: left; white-space: pre-wrap; background-color: #e4e6eb;\">H\u00e9tf\u0151-P\u00e9ntek: 10.00-17.00 <\/span><\/p><p><span style=\"color: #050505; font-family: system-ui, -apple-system, 'system-ui', '.SFNSText-Regular', sans-serif; font-size: 15px; text-align: left; white-space: pre-wrap; background-color: #e4e6eb;\">Szombat: 9.00-12.00 <\/span><\/p><p><span style=\"color: #050505; font-family: system-ui, -apple-system, 'system-ui', '.SFNSText-Regular', sans-serif; font-size: 15px; text-align: left; white-space: pre-wrap; background-color: #e4e6eb;\">Vas\u00e1rnap: Z\u00e1rva<\/span><\/p>\t\t\t\t\t\t\t\t<\/div>\n\t\t\t\t<\/div>\n\t\t\t\t<div class=\"elementor-element elementor-element-948c875 elementor-widget elementor-widget-heading\" data-id=\"948c875\" data-element_type=\"widget\" data-widget_type=\"heading.default\">\n\t\t\t\t<div class=\"elementor-widget-container\">\n\t\t\t\t\t<h2 class=\"elementor-heading-title elementor-size-default\">EL\u00c9RHET\u0150S\u00c9G<\/h2>\t\t\t\t<\/div>\n\t\t\t\t<\/div>\n\t\t\t\t<div class=\"elementor-element elementor-element-3bde8ba elementor-widget elementor-widget-text-editor\" data-id=\"3bde8ba\" data-element_type=\"widget\" data-widget_type=\"text-editor.default\">\n\t\t\t\t<div class=\"elementor-widget-container\">\n\t\t\t\t\t\t\t\t\t<p><span style=\"color: #050505; font-family: system-ui, -apple-system, 'system-ui', '.SFNSText-Regular', sans-serif; font-size: 15px; text-align: left; white-space: pre-wrap; background-color: #e4e6eb;\">Telefonsz\u00e1m: 30\/453-3479 <\/span><\/p><p><span style=\"color: #050505; font-family: system-ui, -apple-system, 'system-ui', '.SFNSText-Regular', sans-serif; font-size: 15px; text-align: left; white-space: pre-wrap; background-color: #e4e6eb;\">Email c\u00edm: szerenadszalon@gmail.com<\/span><\/p>\t\t\t\t\t\t\t\t<\/div>\n\t\t\t\t<\/div>\n\t\t\t\t\t<\/div>\n\t\t<\/div>\n\t\t\t\t<div class=\"elementor-column elementor-col-50 elementor-inner-column elementor-element elementor-element-1e5b1d0\" data-id=\"1e5b1d0\" data-element_type=\"column\">\n\t\t\t<div class=\"elementor-widget-wrap elementor-element-populated\">\n\t\t\t\t\t\t<div class=\"elementor-element elementor-element-c3fd769 elementor-widget elementor-widget-google_maps\" data-id=\"c3fd769\" data-element_type=\"widget\" data-widget_type=\"google_maps.default\">\n\t\t\t\t<div class=\"elementor-widget-container\">\n\t\t\t\t\t\t\t<div class=\"elementor-custom-embed\">\n\t\t\t<iframe loading=\"lazy\"\n\t\t\t\t\tsrc=\"https:\/\/maps.google.com\/maps?q=Szombathely%2C%20M%C3%A1rt%C3%ADrok%20tere%205%2FB&#038;t=m&#038;z=18&#038;output=embed&#038;iwloc=near\"\n\t\t\t\t\ttitle=\"Szombathely, M\u00e1rt\u00edrok tere 5\/B\"\n\t\t\t\t\taria-label=\"Szombathely, M\u00e1rt\u00edrok tere 5\/B\"\n\t\t\t><\/iframe>\n\t\t<\/div>\n\t\t\t\t\t\t<\/div>\n\t\t\t\t<\/div>\n\t\t\t\t\t<\/div>\n\t\t<\/div>\n\t\t\t\t\t<\/div>\n\t\t<\/section>\n\t\t\t\t\t<\/div>\n\t\t<\/div>\n\t\t\t\t\t<\/div>\n\t\t<\/section>\n\t\t\t\t<\/div>\n\t\t","protected":false},"excerpt":{"rendered":"<p>C\u00edm Szombathely, M\u00e1rt\u00edrok tere 5\/B (UR\u00c1NIA UDVAR) Nyitvatart\u00e1s H\u00e9tf\u0151-P\u00e9ntek: 10.00-17.00 Szombat: 9.00-12.00 Vas\u00e1rnap: Z\u00e1rva EL\u00c9RHET\u0150S\u00c9G Telefonsz\u00e1m: 30\/453-3479 Email c\u00edm: szerenadszalon@gmail.com<\/p>\n","protected":false},"author":1,"featured_media":0,"parent":0,"menu_order":0,"comment_status":"closed","ping_status":"closed","template":"elementor_header_footer","meta":{"inline_featured_image":false,"ngg_post_thumbnail":0,"footnotes":""},"folder":[],"class_list":["post-1016","page","type-page","status-publish","hentry"],"yoast_head":"<!-- This site is optimized with the Yoast SEO plugin v24.7 - https:\/\/yoast.com\/wordpress\/plugins\/seo\/ -->\n<title>Kapcsolat - Szeren\u00e1dszalon<\/title>\n<meta name=\"robots\" content=\"index, follow, max-snippet:-1, max-image-preview:large, max-video-preview:-1\" \/>\n<link rel=\"canonical\" href=\"https:\/\/szerenadszalon.hu\/?page_id=1016\" \/>\n<meta property=\"og:locale\" content=\"hu_HU\" \/>\n<meta property=\"og:type\" content=\"article\" \/>\n<meta property=\"og:title\" content=\"Kapcsolat - Szeren\u00e1dszalon\" \/>\n<meta property=\"og:description\" content=\"C\u00edm Szombathely, M\u00e1rt\u00edrok tere 5\/B (UR\u00c1NIA UDVAR) Nyitvatart\u00e1s H\u00e9tf\u0151-P\u00e9ntek: 10.00-17.00 Szombat: 9.00-12.00 Vas\u00e1rnap: Z\u00e1rva EL\u00c9RHET\u0150S\u00c9G Telefonsz\u00e1m: 30\/453-3479 Email c\u00edm: szerenadszalon@gmail.com\" \/>\n<meta property=\"og:url\" content=\"https:\/\/szerenadszalon.hu\/?page_id=1016\" \/>\n<meta property=\"og:site_name\" content=\"Szeren\u00e1dszalon\" \/>\n<meta property=\"article:publisher\" content=\"https:\/\/www.facebook.com\/szerenadszalon\" \/>\n<meta property=\"article:modified_time\" content=\"2025-03-20T15:30:21+00:00\" \/>\n<meta name=\"twitter:card\" content=\"summary_large_image\" \/>\n<meta name=\"twitter:label1\" content=\"Becs\u00fclt olvas\u00e1si id\u0151\" \/>\n\t<meta name=\"twitter:data1\" content=\"1 perc\" \/>\n<script type=\"application\/ld+json\" class=\"yoast-schema-graph\">{\"@context\":\"https:\/\/schema.org\",\"@graph\":[{\"@type\":\"WebPage\",\"@id\":\"https:\/\/szerenadszalon.hu\/?page_id=1016\",\"url\":\"https:\/\/szerenadszalon.hu\/?page_id=1016\",\"name\":\"Kapcsolat - Szeren\u00e1dszalon\",\"isPartOf\":{\"@id\":\"https:\/\/szerenadszalon.hu\/#website\"},\"datePublished\":\"2020-05-13T09:44:05+00:00\",\"dateModified\":\"2025-03-20T15:30:21+00:00\",\"breadcrumb\":{\"@id\":\"https:\/\/szerenadszalon.hu\/?page_id=1016#breadcrumb\"},\"inLanguage\":\"hu\",\"potentialAction\":[{\"@type\":\"ReadAction\",\"target\":[\"https:\/\/szerenadszalon.hu\/?page_id=1016\"]}]},{\"@type\":\"BreadcrumbList\",\"@id\":\"https:\/\/szerenadszalon.hu\/?page_id=1016#breadcrumb\",\"itemListElement\":[{\"@type\":\"ListItem\",\"position\":1,\"name\":\"Home\",\"item\":\"https:\/\/szerenadszalon.hu\/\"},{\"@type\":\"ListItem\",\"position\":2,\"name\":\"Kapcsolat\"}]},{\"@type\":\"WebSite\",\"@id\":\"https:\/\/szerenadszalon.hu\/#website\",\"url\":\"https:\/\/szerenadszalon.hu\/\",\"name\":\"Szeren\u00e1dszalon\",\"description\":\"Esk\u00fcv\u0151i ruhaszalon\",\"publisher\":{\"@id\":\"https:\/\/szerenadszalon.hu\/#organization\"},\"alternateName\":\"Szeren\u00e1d Esk\u00fcv\u0151i Szalon\",\"potentialAction\":[{\"@type\":\"SearchAction\",\"target\":{\"@type\":\"EntryPoint\",\"urlTemplate\":\"https:\/\/szerenadszalon.hu\/?s={search_term_string}\"},\"query-input\":{\"@type\":\"PropertyValueSpecification\",\"valueRequired\":true,\"valueName\":\"search_term_string\"}}],\"inLanguage\":\"hu\"},{\"@type\":\"Organization\",\"@id\":\"https:\/\/szerenadszalon.hu\/#organization\",\"name\":\"Szeren\u00e1dszalon\",\"alternateName\":\"Szeren\u00e1d Esk\u00fcv\u0151i Ruha Szalon\",\"url\":\"https:\/\/szerenadszalon.hu\/\",\"logo\":{\"@type\":\"ImageObject\",\"inLanguage\":\"hu\",\"@id\":\"https:\/\/szerenadszalon.hu\/#\/schema\/logo\/image\/\",\"url\":\"https:\/\/szerenadszalon.hu\/wp-content\/uploads\/2016\/05\/logo-1.png\",\"contentUrl\":\"https:\/\/szerenadszalon.hu\/wp-content\/uploads\/2016\/05\/logo-1.png\",\"width\":80,\"height\":80,\"caption\":\"Szeren\u00e1dszalon\"},\"image\":{\"@id\":\"https:\/\/szerenadszalon.hu\/#\/schema\/logo\/image\/\"},\"sameAs\":[\"https:\/\/www.facebook.com\/szerenadszalon\"]}]}<\/script>\n<!-- \/ Yoast SEO plugin. -->","yoast_head_json":{"title":"Kapcsolat - Szeren\u00e1dszalon","robots":{"index":"index","follow":"follow","max-snippet":"max-snippet:-1","max-image-preview":"max-image-preview:large","max-video-preview":"max-video-preview:-1"},"canonical":"https:\/\/szerenadszalon.hu\/?page_id=1016","og_locale":"hu_HU","og_type":"article","og_title":"Kapcsolat - Szeren\u00e1dszalon","og_description":"C\u00edm Szombathely, M\u00e1rt\u00edrok tere 5\/B (UR\u00c1NIA UDVAR) Nyitvatart\u00e1s H\u00e9tf\u0151-P\u00e9ntek: 10.00-17.00 Szombat: 9.00-12.00 Vas\u00e1rnap: Z\u00e1rva EL\u00c9RHET\u0150S\u00c9G Telefonsz\u00e1m: 30\/453-3479 Email c\u00edm: szerenadszalon@gmail.com","og_url":"https:\/\/szerenadszalon.hu\/?page_id=1016","og_site_name":"Szeren\u00e1dszalon","article_publisher":"https:\/\/www.facebook.com\/szerenadszalon","article_modified_time":"2025-03-20T15:30:21+00:00","twitter_card":"summary_large_image","twitter_misc":{"Becs\u00fclt olvas\u00e1si id\u0151":"1 perc"},"schema":{"@context":"https:\/\/schema.org","@graph":[{"@type":"WebPage","@id":"https:\/\/szerenadszalon.hu\/?page_id=1016","url":"https:\/\/szerenadszalon.hu\/?page_id=1016","name":"Kapcsolat - Szeren\u00e1dszalon","isPartOf":{"@id":"https:\/\/szerenadszalon.hu\/#website"},"datePublished":"2020-05-13T09:44:05+00:00","dateModified":"2025-03-20T15:30:21+00:00","breadcrumb":{"@id":"https:\/\/szerenadszalon.hu\/?page_id=1016#breadcrumb"},"inLanguage":"hu","potentialAction":[{"@type":"ReadAction","target":["https:\/\/szerenadszalon.hu\/?page_id=1016"]}]},{"@type":"BreadcrumbList","@id":"https:\/\/szerenadszalon.hu\/?page_id=1016#breadcrumb","itemListElement":[{"@type":"ListItem","position":1,"name":"Home","item":"https:\/\/szerenadszalon.hu\/"},{"@type":"ListItem","position":2,"name":"Kapcsolat"}]},{"@type":"WebSite","@id":"https:\/\/szerenadszalon.hu\/#website","url":"https:\/\/szerenadszalon.hu\/","name":"Szeren\u00e1dszalon","description":"Esk\u00fcv\u0151i ruhaszalon","publisher":{"@id":"https:\/\/szerenadszalon.hu\/#organization"},"alternateName":"Szeren\u00e1d Esk\u00fcv\u0151i Szalon","potentialAction":[{"@type":"SearchAction","target":{"@type":"EntryPoint","urlTemplate":"https:\/\/szerenadszalon.hu\/?s={search_term_string}"},"query-input":{"@type":"PropertyValueSpecification","valueRequired":true,"valueName":"search_term_string"}}],"inLanguage":"hu"},{"@type":"Organization","@id":"https:\/\/szerenadszalon.hu\/#organization","name":"Szeren\u00e1dszalon","alternateName":"Szeren\u00e1d Esk\u00fcv\u0151i Ruha Szalon","url":"https:\/\/szerenadszalon.hu\/","logo":{"@type":"ImageObject","inLanguage":"hu","@id":"https:\/\/szerenadszalon.hu\/#\/schema\/logo\/image\/","url":"https:\/\/szerenadszalon.hu\/wp-content\/uploads\/2016\/05\/logo-1.png","contentUrl":"https:\/\/szerenadszalon.hu\/wp-content\/uploads\/2016\/05\/logo-1.png","width":80,"height":80,"caption":"Szeren\u00e1dszalon"},"image":{"@id":"https:\/\/szerenadszalon.hu\/#\/schema\/logo\/image\/"},"sameAs":["https:\/\/www.facebook.com\/szerenadszalon"]}]}},"_links":{"self":[{"href":"https:\/\/szerenadszalon.hu\/index.php?rest_route=\/wp\/v2\/pages\/1016","targetHints":{"allow":["GET"]}}],"collection":[{"href":"https:\/\/szerenadszalon.hu\/index.php?rest_route=\/wp\/v2\/pages"}],"about":[{"href":"https:\/\/szerenadszalon.hu\/index.php?rest_route=\/wp\/v2\/types\/page"}],"author":[{"embeddable":true,"href":"https:\/\/szerenadszalon.hu\/index.php?rest_route=\/wp\/v2\/users\/1"}],"replies":[{"embeddable":true,"href":"https:\/\/szerenadszalon.hu\/index.php?rest_route=%2Fwp%2Fv2%2Fcomments&post=1016"}],"version-history":[{"count":10,"href":"https:\/\/szerenadszalon.hu\/index.php?rest_route=\/wp\/v2\/pages\/1016\/revisions"}],"predecessor-version":[{"id":4251,"href":"https:\/\/szerenadszalon.hu\/index.php?rest_route=\/wp\/v2\/pages\/1016\/revisions\/4251"}],"wp:attachment":[{"href":"https:\/\/szerenadszalon.hu\/index.php?rest_route=%2Fwp%2Fv2%2Fmedia&parent=1016"}],"wp:term":[{"taxonomy":"folder","embeddable":true,"href":"https:\/\/szerenadszalon.hu\/index.php?rest_route=%2Fwp%2Fv2%2Ffolder&post=1016"}],"curies":[{"name":"wp","href":"https:\/\/api.w.org\/{rel}","templated":true}]}}